{"id":8,"date":"2023-05-29T14:24:09","date_gmt":"2023-05-29T14:24:09","guid":{"rendered":"https:\/\/dev.net-vision.cz\/sablona\/?page_id=8"},"modified":"2025-06-24T07:16:09","modified_gmt":"2025-06-24T07:16:09","slug":"uvod","status":"publish","type":"page","link":"https:\/\/www.mudrivanaroznickova.cz\/","title":{"rendered":"\u00davod"},"content":{"rendered":"\n<p> <\/p>\n","protected":false},"excerpt":{"rendered":"","protected":false},"author":1,"featured_media":0,"parent":0,"menu_order":0,"comment_status":"closed","ping_status":"closed","template":"","meta":{"footnotes":""},"class_list":["post-8","page","type-page","status-publish","hentry"],"yoast_head":"<!-- This site is optimized with the Yoast SEO plugin v25.6 - https:\/\/yoast.com\/wordpress\/plugins\/seo\/ -->\n<title>Pracovn\u00ed l\u00e9ka\u0159 pro rizikov\u00e1 pracovi\u0161t\u011b - MUDr. Ivana Ro\u017en\u00ed\u010dkov\u00e1<\/title>\n<meta name=\"description\" content=\"MUDr. Ivana Ro\u017en\u00ed\u010dkov\u00e1 je zku\u0161en\u00e1 pracovn\u00ed l\u00e9ka\u0159ka specializuj\u00edc\u00ed se na rizikov\u00e1 pracovi\u0161t\u011b a z\u00e1vodn\u00ed preventivn\u00ed p\u00e9\u010di, kter\u00e1 se star\u00e1 o ochranu zam\u011bstnanc\u016f a zaji\u0161t\u011bn\u00ed bezpe\u010dn\u00e9ho pracovn\u00edho prost\u0159ed\u00ed.\" \/>\n<meta name=\"robots\" content=\"index, follow, max-snippet:-1, max-image-preview:large, max-video-preview:-1\" \/>\n<link rel=\"canonical\" href=\"https:\/\/www.mudrivanaroznickova.cz\/\" \/>\n<meta property=\"og:locale\" content=\"cs_CZ\" \/>\n<meta property=\"og:type\" content=\"article\" \/>\n<meta property=\"og:title\" content=\"Pracovn\u00ed l\u00e9ka\u0159 pro rizikov\u00e1 pracovi\u0161t\u011b - MUDr. Ivana Ro\u017en\u00ed\u010dkov\u00e1\" \/>\n<meta property=\"og:description\" content=\"MUDr. Ivana Ro\u017en\u00ed\u010dkov\u00e1 je zku\u0161en\u00e1 pracovn\u00ed l\u00e9ka\u0159ka specializuj\u00edc\u00ed se na rizikov\u00e1 pracovi\u0161t\u011b a z\u00e1vodn\u00ed preventivn\u00ed p\u00e9\u010di, kter\u00e1 se star\u00e1 o ochranu zam\u011bstnanc\u016f a zaji\u0161t\u011bn\u00ed bezpe\u010dn\u00e9ho pracovn\u00edho prost\u0159ed\u00ed.\" \/>\n<meta property=\"og:url\" content=\"https:\/\/www.mudrivanaroznickova.cz\/\" \/>\n<meta property=\"og:site_name\" content=\"Sablona WEB\" \/>\n<meta property=\"article:modified_time\" content=\"2025-06-24T07:16:09+00:00\" \/>\n<meta name=\"twitter:card\" content=\"summary_large_image\" \/>\n<meta name=\"twitter:label1\" content=\"Odhadovan\u00e1 doba \u010dten\u00ed\" \/>\n\t<meta name=\"twitter:data1\" content=\"2 minuty\" \/>\n<script type=\"application\/ld+json\" class=\"yoast-schema-graph\">{\"@context\":\"https:\/\/schema.org\",\"@graph\":[{\"@type\":\"WebPage\",\"@id\":\"https:\/\/www.mudrivanaroznickova.cz\/\",\"url\":\"https:\/\/www.mudrivanaroznickova.cz\/\",\"name\":\"Pracovn\u00ed l\u00e9ka\u0159 pro rizikov\u00e1 pracovi\u0161t\u011b - MUDr. Ivana Ro\u017en\u00ed\u010dkov\u00e1\",\"isPartOf\":{\"@id\":\"https:\/\/www.mudrivanaroznickova.cz\/#website\"},\"datePublished\":\"2023-05-29T14:24:09+00:00\",\"dateModified\":\"2025-06-24T07:16:09+00:00\",\"description\":\"MUDr. Ivana Ro\u017en\u00ed\u010dkov\u00e1 je zku\u0161en\u00e1 pracovn\u00ed l\u00e9ka\u0159ka specializuj\u00edc\u00ed se na rizikov\u00e1 pracovi\u0161t\u011b a z\u00e1vodn\u00ed preventivn\u00ed p\u00e9\u010di, kter\u00e1 se star\u00e1 o ochranu zam\u011bstnanc\u016f a zaji\u0161t\u011bn\u00ed bezpe\u010dn\u00e9ho pracovn\u00edho prost\u0159ed\u00ed.\",\"breadcrumb\":{\"@id\":\"https:\/\/www.mudrivanaroznickova.cz\/#breadcrumb\"},\"inLanguage\":\"cs\",\"potentialAction\":[{\"@type\":\"ReadAction\",\"target\":[\"https:\/\/www.mudrivanaroznickova.cz\/\"]}]},{\"@type\":\"BreadcrumbList\",\"@id\":\"https:\/\/www.mudrivanaroznickova.cz\/#breadcrumb\",\"itemListElement\":[{\"@type\":\"ListItem\",\"position\":1,\"name\":\"Dom\u016f\",\"item\":\"https:\/\/www.mudrivanaroznickova.cz\/\"},{\"@type\":\"ListItem\",\"position\":2,\"name\":\"\u00davod\"}]},{\"@type\":\"WebSite\",\"@id\":\"https:\/\/www.mudrivanaroznickova.cz\/#website\",\"url\":\"https:\/\/www.mudrivanaroznickova.cz\/\",\"name\":\"Sablona WEB\",\"description\":\"\",\"potentialAction\":[{\"@type\":\"SearchAction\",\"target\":{\"@type\":\"EntryPoint\",\"urlTemplate\":\"https:\/\/www.mudrivanaroznickova.cz\/?s={search_term_string}\"},\"query-input\":{\"@type\":\"PropertyValueSpecification\",\"valueRequired\":true,\"valueName\":\"search_term_string\"}}],\"inLanguage\":\"cs\"}]}<\/script>\n<!-- \/ Yoast SEO plugin. -->","yoast_head_json":{"title":"Pracovn\u00ed l\u00e9ka\u0159 pro rizikov\u00e1 pracovi\u0161t\u011b - MUDr. Ivana Ro\u017en\u00ed\u010dkov\u00e1","description":"MUDr. Ivana Ro\u017en\u00ed\u010dkov\u00e1 je zku\u0161en\u00e1 pracovn\u00ed l\u00e9ka\u0159ka specializuj\u00edc\u00ed se na rizikov\u00e1 pracovi\u0161t\u011b a z\u00e1vodn\u00ed preventivn\u00ed p\u00e9\u010di, kter\u00e1 se star\u00e1 o ochranu zam\u011bstnanc\u016f a zaji\u0161t\u011bn\u00ed bezpe\u010dn\u00e9ho pracovn\u00edho prost\u0159ed\u00ed.","robots":{"index":"index","follow":"follow","max-snippet":"max-snippet:-1","max-image-preview":"max-image-preview:large","max-video-preview":"max-video-preview:-1"},"canonical":"https:\/\/www.mudrivanaroznickova.cz\/","og_locale":"cs_CZ","og_type":"article","og_title":"Pracovn\u00ed l\u00e9ka\u0159 pro rizikov\u00e1 pracovi\u0161t\u011b - MUDr. Ivana Ro\u017en\u00ed\u010dkov\u00e1","og_description":"MUDr. Ivana Ro\u017en\u00ed\u010dkov\u00e1 je zku\u0161en\u00e1 pracovn\u00ed l\u00e9ka\u0159ka specializuj\u00edc\u00ed se na rizikov\u00e1 pracovi\u0161t\u011b a z\u00e1vodn\u00ed preventivn\u00ed p\u00e9\u010di, kter\u00e1 se star\u00e1 o ochranu zam\u011bstnanc\u016f a zaji\u0161t\u011bn\u00ed bezpe\u010dn\u00e9ho pracovn\u00edho prost\u0159ed\u00ed.","og_url":"https:\/\/www.mudrivanaroznickova.cz\/","og_site_name":"Sablona WEB","article_modified_time":"2025-06-24T07:16:09+00:00","twitter_card":"summary_large_image","twitter_misc":{"Odhadovan\u00e1 doba \u010dten\u00ed":"2 minuty"},"schema":{"@context":"https:\/\/schema.org","@graph":[{"@type":"WebPage","@id":"https:\/\/www.mudrivanaroznickova.cz\/","url":"https:\/\/www.mudrivanaroznickova.cz\/","name":"Pracovn\u00ed l\u00e9ka\u0159 pro rizikov\u00e1 pracovi\u0161t\u011b - MUDr. Ivana Ro\u017en\u00ed\u010dkov\u00e1","isPartOf":{"@id":"https:\/\/www.mudrivanaroznickova.cz\/#website"},"datePublished":"2023-05-29T14:24:09+00:00","dateModified":"2025-06-24T07:16:09+00:00","description":"MUDr. Ivana Ro\u017en\u00ed\u010dkov\u00e1 je zku\u0161en\u00e1 pracovn\u00ed l\u00e9ka\u0159ka specializuj\u00edc\u00ed se na rizikov\u00e1 pracovi\u0161t\u011b a z\u00e1vodn\u00ed preventivn\u00ed p\u00e9\u010di, kter\u00e1 se star\u00e1 o ochranu zam\u011bstnanc\u016f a zaji\u0161t\u011bn\u00ed bezpe\u010dn\u00e9ho pracovn\u00edho prost\u0159ed\u00ed.","breadcrumb":{"@id":"https:\/\/www.mudrivanaroznickova.cz\/#breadcrumb"},"inLanguage":"cs","potentialAction":[{"@type":"ReadAction","target":["https:\/\/www.mudrivanaroznickova.cz\/"]}]},{"@type":"BreadcrumbList","@id":"https:\/\/www.mudrivanaroznickova.cz\/#breadcrumb","itemListElement":[{"@type":"ListItem","position":1,"name":"Dom\u016f","item":"https:\/\/www.mudrivanaroznickova.cz\/"},{"@type":"ListItem","position":2,"name":"\u00davod"}]},{"@type":"WebSite","@id":"https:\/\/www.mudrivanaroznickova.cz\/#website","url":"https:\/\/www.mudrivanaroznickova.cz\/","name":"Sablona WEB","description":"","potentialAction":[{"@type":"SearchAction","target":{"@type":"EntryPoint","urlTemplate":"https:\/\/www.mudrivanaroznickova.cz\/?s={search_term_string}"},"query-input":{"@type":"PropertyValueSpecification","valueRequired":true,"valueName":"search_term_string"}}],"inLanguage":"cs"}]}},"_links":{"self":[{"href":"https:\/\/www.mudrivanaroznickova.cz\/index.php\/wp-json\/wp\/v2\/pages\/8","targetHints":{"allow":["GET"]}}],"collection":[{"href":"https:\/\/www.mudrivanaroznickova.cz\/index.php\/wp-json\/wp\/v2\/pages"}],"about":[{"href":"https:\/\/www.mudrivanaroznickova.cz\/index.php\/wp-json\/wp\/v2\/types\/page"}],"author":[{"embeddable":true,"href":"https:\/\/www.mudrivanaroznickova.cz\/index.php\/wp-json\/wp\/v2\/users\/1"}],"replies":[{"embeddable":true,"href":"https:\/\/www.mudrivanaroznickova.cz\/index.php\/wp-json\/wp\/v2\/comments?post=8"}],"version-history":[{"count":1,"href":"https:\/\/www.mudrivanaroznickova.cz\/index.php\/wp-json\/wp\/v2\/pages\/8\/revisions"}],"predecessor-version":[{"id":9,"href":"https:\/\/www.mudrivanaroznickova.cz\/index.php\/wp-json\/wp\/v2\/pages\/8\/revisions\/9"}],"wp:attachment":[{"href":"https:\/\/www.mudrivanaroznickova.cz\/index.php\/wp-json\/wp\/v2\/media?parent=8"}],"curies":[{"name":"wp","href":"https:\/\/api.w.org\/{rel}","templated":true}]}}